{"id":351,"date":"2018-10-10T12:55:13","date_gmt":"2018-10-10T15:55:13","guid":{"rendered":"http:\/\/sigmamotorservice.com.br\/?page_id=351"},"modified":"2018-10-25T18:10:38","modified_gmt":"2018-10-25T21:10:38","slug":"quem-somos","status":"publish","type":"page","link":"https:\/\/sigmamotorservice.com.br\/index.php\/quem-somos\/","title":{"rendered":"Quem Somos"},"content":{"rendered":"<p>[vc_row full_width=&#8221;stretch_row_content_no_spaces&#8221; css=&#8221;.vc_custom_1539186812906{margin-top: 0px !important;padding-top: 0px !important;}&#8221;][vc_column][vc_single_image image=&#8221;452&#8243; img_size=&#8221;full&#8221;][\/vc_column][\/vc_row][vc_row content_placement=&#8221;middle&#8221;][vc_column width=&#8221;1\/2&#8243;][vc_column_text]<\/p>\n<p style=\"text-align: justify;\"><span style=\"color: #84878c; font-size: 24px;\">Nossa miss\u00e3o \u00e9 exceder as expectativas de nossos clientes atrav\u00e9s de agilidade e fornecimento de servi\u00e7os de qualidade, visando consolidar-nos como refer\u00eancia em nossa \u00e1rea de atua\u00e7\u00e3o. Possu\u00edmos total comprometimento com seguran\u00e7a, meio ambiente e inova\u00e7\u00e3o tecnol\u00f3gica.<\/span><\/p>\n<p>[\/vc_column_text][\/vc_column][vc_column width=&#8221;1\/2&#8243;][vc_video link=&#8221;https:\/\/youtu.be\/tHny4JFBe9g&#8221;][\/vc_column][\/vc_row][vc_row][vc_column][vc_custom_heading text=&#8221;NOSSOS DIFERENCIAIS&#8221; font_container=&#8221;tag:h2|font_size:30px|text_align:left|color:%23000000&#8243; use_theme_fonts=&#8221;yes&#8221;][vc_column_text]<span style=\"color: #84878c; font-size: 24px;\">\u2022 Administra\u00e7\u00e3o da frota ONLINE (gastos, garantias, e check list de pe\u00e7as trocadas com hist\u00f3rico completo do ve\u00edculo);<\/span><br \/>\n<span style=\"color: #84878c; font-size: 24px;\">\u2022 Devolu\u00e7\u00e3o das pe\u00e7as substitu\u00eddas;<\/span><br \/>\n<span style=\"color: #84878c; font-size: 24px;\">\u2022 Plant\u00e3o aos finais de semana e feriados;<\/span><br \/>\n<span style=\"color: #84878c; font-size: 24px;\">\u2022 Servi\u00e7os de El\u00e9trica \/ Mec\u00e2nica \/ Funilaria \/ Pintura \/ Tape\u00e7aria \/ Alinhamento e Balanceamento, tudo em um s\u00f3 lugar;<\/span><br \/>\n<span style=\"color: #84878c; font-size: 24px;\">\u2022 Servi\u00e7o de guincho 24hs gratuito (at\u00e9 50km);<\/span><br \/>\n<span style=\"color: #84878c; font-size: 24px;\">\u2022 A Sigma assegura seu ve\u00edculo enquanto estiver conosco (garantia Porto Seguro);<\/span><br \/>\n<span style=\"color: #84878c; font-size: 24px;\">\u2022 Sala para treinamentos ou palestras.<\/span>[\/vc_column_text][\/vc_column][\/vc_row][vc_row full_width=&#8221;stretch_row_content_no_spaces&#8221; css=&#8221;.vc_custom_1539280144605{margin-bottom: 0px !important;padding-bottom: 0px !important;}&#8221;][vc_column][vc_media_grid element_width=&#8221;3&#8243; gap=&#8221;0&#8243; item=&#8221;mediaGrid_FadeInWithIcon&#8221; grid_id=&#8221;vc_gid:1540501747065-ae795571-252a-2&#8243; include=&#8221;514,515,516,517,518,519,520,521&#8243; css=&#8221;.vc_custom_1539919694274{margin-bottom: 0px !important;padding-bottom: 0px !important;}&#8221;][\/vc_column][\/vc_row]<\/p>\n","protected":false},"excerpt":{"rendered":"<p>[vc_row full_width=&#8221;stretch_row_content_no_spaces&#8221; css=&#8221;.vc_custom_1539186812906{margin-top: 0px !important;padding-top: 0px !important;}&#8221;][vc_column][vc_single_image image=&#8221;452&#8243; img_size=&#8221;full&#8221;][\/vc_column][\/vc_row][vc_row content_placement=&#8221;middle&#8221;][vc_column width=&#8221;1\/2&#8243;][vc_column_text] Nossa miss\u00e3o \u00e9 exceder as expectativas de nossos clientes [&hellip;]<\/p>\n","protected":false},"author":1,"featured_media":0,"parent":0,"menu_order":0,"comment_status":"closed","ping_status":"closed","template":"","meta":{"site-sidebar-layout":"no-sidebar","site-content-layout":"plain-container","ast-site-content-layout":"","site-content-style":"default","site-sidebar-style":"default","ast-global-header-display":"","ast-banner-title-visibility":"","ast-main-header-display":"","ast-hfb-above-header-display":"","ast-hfb-below-header-display":"","ast-hfb-mobile-header-display":"","site-post-title":"disabled","ast-breadcrumbs-content":"","ast-featured-img":"disabled","footer-sml-layout":"","theme-transparent-header-meta":"","adv-header-id-meta":"","stick-header-meta":"","header-above-stick-meta":"","header-main-stick-meta":"","header-below-stick-meta":"","astra-migrate-meta-layouts":"default","ast-page-background-enabled":"default","ast-page-background-meta":{"desktop":{"background-color":"var(--ast-global-color-4)","background-image":"","background-repeat":"repeat","background-position":"center center","background-size":"auto","background-attachment":"scroll","background-type":"","background-media":"","overlay-type":"","overlay-color":"","overlay-opacity":"","overlay-gradient":""},"tablet":{"background-color":"","background-image":"","background-repeat":"repeat","background-position":"center center","background-size":"auto","background-attachment":"scroll","background-type":"","background-media":"","overlay-type":"","overlay-color":"","overlay-opacity":"","overlay-gradient":""},"mobile":{"background-color":"","background-image":"","background-repeat":"repeat","background-position":"center center","background-size":"auto","background-attachment":"scroll","background-type":"","background-media":"","overlay-type":"","overlay-color":"","overlay-opacity":"","overlay-gradient":""}},"ast-content-background-meta":{"desktop":{"background-color":"var(--ast-global-color-5)","background-image":"","background-repeat":"repeat","background-position":"center center","background-size":"auto","background-attachment":"scroll","background-type":"","background-media":"","overlay-type":"","overlay-color":"","overlay-opacity":"","overlay-gradient":""},"tablet":{"background-color":"var(--ast-global-color-5)","background-image":"","background-repeat":"repeat","background-position":"center center","background-size":"auto","background-attachment":"scroll","background-type":"","background-media":"","overlay-type":"","overlay-color":"","overlay-opacity":"","overlay-gradient":""},"mobile":{"background-color":"var(--ast-global-color-5)","background-image":"","background-repeat":"repeat","background-position":"center center","background-size":"auto","background-attachment":"scroll","background-type":"","background-media":"","overlay-type":"","overlay-color":"","overlay-opacity":"","overlay-gradient":""}},"footnotes":""},"class_list":["post-351","page","type-page","status-publish","hentry"],"_links":{"self":[{"href":"https:\/\/sigmamotorservice.com.br\/index.php\/wp-json\/wp\/v2\/pages\/351","targetHints":{"allow":["GET"]}}],"collection":[{"href":"https:\/\/sigmamotorservice.com.br\/index.php\/wp-json\/wp\/v2\/pages"}],"about":[{"href":"https:\/\/sigmamotorservice.com.br\/index.php\/wp-json\/wp\/v2\/types\/page"}],"author":[{"embeddable":true,"href":"https:\/\/sigmamotorservice.com.br\/index.php\/wp-json\/wp\/v2\/users\/1"}],"replies":[{"embeddable":true,"href":"https:\/\/sigmamotorservice.com.br\/index.php\/wp-json\/wp\/v2\/comments?post=351"}],"version-history":[{"count":19,"href":"https:\/\/sigmamotorservice.com.br\/index.php\/wp-json\/wp\/v2\/pages\/351\/revisions"}],"predecessor-version":[{"id":676,"href":"https:\/\/sigmamotorservice.com.br\/index.php\/wp-json\/wp\/v2\/pages\/351\/revisions\/676"}],"wp:attachment":[{"href":"https:\/\/sigmamotorservice.com.br\/index.php\/wp-json\/wp\/v2\/media?parent=351"}],"curies":[{"name":"wp","href":"https:\/\/api.w.org\/{rel}","templated":true}]}}